{"id":328,"date":"2021-07-26T10:47:40","date_gmt":"2021-07-26T08:47:40","guid":{"rendered":"https:\/\/michalinakasprowicz.pl\/sklep\/?post_type=product&#038;p=328"},"modified":"2024-08-02T11:50:12","modified_gmt":"2024-08-02T09:50:12","slug":"jadlospisy","status":"publish","type":"product","link":"https:\/\/michalinakasprowicz.pl\/sklep\/produkt\/jadlospisy\/","title":{"rendered":"Jad\u0142ospisy indywidualne"},"content":{"rendered":"","protected":false},"excerpt":{"rendered":"<p>Teorie ju\u017c znasz i powoli wprowadzasz zmiany w swoim \u017cywieniu, ale potrzebujesz konkretnego planu?<br \/>\nChcesz zobaczy\u0107 czarno na bia\u0142ym jak mo\u017ce wygl\u0105da\u0107 jad\u0142ospis dostosowany do Ciebie i Twoich potrzeb, a nie samemu dostosowywa\u0107 si\u0119 do jedzenia?<br \/>\nWybierasz opcj\u0119 tygodniow\u0105, czy dwutygodniow\u0105?<\/p>\n<p>Po dokonaniu zakupu dostaniesz e-mail wraz z dok\u0142adnymi wskaz\u00f3wkami oraz plikami do wype\u0142nienia, co pozwoli na ustalenie jad\u0142ospisu.<\/p>\n","protected":false},"featured_media":436,"comment_status":"open","ping_status":"closed","template":"","meta":{"spay_email":""},"product_cat":[81,114,116],"product_tag":[],"class_list":["post-328","product","type-product","status-publish","has-post-thumbnail","hentry","product_cat-dieta","product_cat-e-book","product_cat-przepisy-i-jadlospisy"],"_links":{"self":[{"href":"https:\/\/michalinakasprowicz.pl\/sklep\/wp-json\/wp\/v2\/product\/328","targetHints":{"allow":["GET"]}}],"collection":[{"href":"https:\/\/michalinakasprowicz.pl\/sklep\/wp-json\/wp\/v2\/product"}],"about":[{"href":"https:\/\/michalinakasprowicz.pl\/sklep\/wp-json\/wp\/v2\/types\/product"}],"replies":[{"embeddable":true,"href":"https:\/\/michalinakasprowicz.pl\/sklep\/wp-json\/wp\/v2\/comments?post=328"}],"wp:featuredmedia":[{"embeddable":true,"href":"https:\/\/michalinakasprowicz.pl\/sklep\/wp-json\/wp\/v2\/media\/436"}],"wp:attachment":[{"href":"https:\/\/michalinakasprowicz.pl\/sklep\/wp-json\/wp\/v2\/media?parent=328"}],"wp:term":[{"taxonomy":"product_cat","embeddable":true,"href":"https:\/\/michalinakasprowicz.pl\/sklep\/wp-json\/wp\/v2\/product_cat?post=328"},{"taxonomy":"product_tag","embeddable":true,"href":"https:\/\/michalinakasprowicz.pl\/sklep\/wp-json\/wp\/v2\/product_tag?post=328"}],"curies":[{"name":"wp","href":"https:\/\/api.w.org\/{rel}","templated":true}]}}